{"id":91,"date":"2023-06-23T16:03:46","date_gmt":"2023-06-23T14:03:46","guid":{"rendered":"https:\/\/mmc.eu.com\/?page_id=91"},"modified":"2023-06-23T16:04:04","modified_gmt":"2023-06-23T14:04:04","slug":"te-revoir-o-ma-patrie-andre-losay","status":"publish","type":"page","link":"https:\/\/mmc.eu.com\/?page_id=91","title":{"rendered":"\u00ab\u00a0Te revoir, \u00f4 ma patrie\u00a0\u00bb, Andr\u00e9 Losay"},"content":{"rendered":"\n<figure class=\"wp-block-embed is-type-video is-provider-youtube wp-block-embed-youtube wp-embed-aspect-16-9 wp-has-aspect-ratio\"><div class=\"wp-block-embed__wrapper\">\n<iframe title=\"Te revoir, \u00d4 ma patrie - Andr\u00e9 Losay - interpr\u00e9tation Andr\u00e9 Losay\" width=\"640\" height=\"360\" src=\"https:\/\/www.youtube.com\/embed\/S7TR6E14p-8?list=PLUPZSNOfAbkVRpKuuGF-rmyL7_9oab9wX\" frameborder=\"0\" allow=\"accelerometer; autoplay; clipboard-write; encrypted-media; gyroscope; picture-in-picture; web-share\" referrerpolicy=\"strict-origin-when-cross-origin\" allowfullscreen><\/iframe>\n<\/div><\/figure>\n","protected":false},"excerpt":{"rendered":"","protected":false},"author":1,"featured_media":0,"parent":29,"menu_order":9,"comment_status":"closed","ping_status":"closed","template":"","meta":{"footnotes":""},"class_list":["post-91","page","type-page","status-publish","hentry"],"_links":{"self":[{"href":"https:\/\/mmc.eu.com\/index.php?rest_route=\/wp\/v2\/pages\/91","targetHints":{"allow":["GET"]}}],"collection":[{"href":"https:\/\/mmc.eu.com\/index.php?rest_route=\/wp\/v2\/pages"}],"about":[{"href":"https:\/\/mmc.eu.com\/index.php?rest_route=\/wp\/v2\/types\/page"}],"author":[{"embeddable":true,"href":"https:\/\/mmc.eu.com\/index.php?rest_route=\/wp\/v2\/users\/1"}],"replies":[{"embeddable":true,"href":"https:\/\/mmc.eu.com\/index.php?rest_route=%2Fwp%2Fv2%2Fcomments&post=91"}],"version-history":[{"count":1,"href":"https:\/\/mmc.eu.com\/index.php?rest_route=\/wp\/v2\/pages\/91\/revisions"}],"predecessor-version":[{"id":92,"href":"https:\/\/mmc.eu.com\/index.php?rest_route=\/wp\/v2\/pages\/91\/revisions\/92"}],"up":[{"embeddable":true,"href":"https:\/\/mmc.eu.com\/index.php?rest_route=\/wp\/v2\/pages\/29"}],"wp:attachment":[{"href":"https:\/\/mmc.eu.com\/index.php?rest_route=%2Fwp%2Fv2%2Fmedia&parent=91"}],"curies":[{"name":"wp","href":"https:\/\/api.w.org\/{rel}","templated":true}]}}